{"id":432,"date":"2011-08-24T01:19:38","date_gmt":"2011-08-24T01:19:38","guid":{"rendered":"http:\/\/www.reynaldaubert.com\/?page_id=432"},"modified":"2019-06-19T18:37:13","modified_gmt":"2019-06-19T18:37:13","slug":"info","status":"publish","type":"page","link":"http:\/\/www.reynaldaubert.com\/?page_id=432","title":{"rendered":"Bio"},"content":{"rendered":"<p><a href=\"?page_id=449\"><img decoding=\"async\" loading=\"lazy\" class=\"flaglang\" title=\"eng\" src=\"http:\/\/www.reynaldaubert.com\/wp-content\/uploads\/2011\/08\/eng.gif\" alt=\"\" width=\"25\" height=\"17\" \/><\/a> <a href=\"#\"><img decoding=\"async\" loading=\"lazy\" class=\"flaglang\" title=\"fr\" src=\"http:\/\/www.reynaldaubert.com\/wp-content\/uploads\/2011\/08\/fr.gif\" alt=\"\" width=\"25\" height=\"17\" \/><\/a><\/p>\n<p>Reynald Aubert<\/p>\n<p style=\"text-align: left;\">Illustrateur, passionn\u00e9 de dessin et de voyages, Reynald Aubert commence<\/p>\n<p style=\"text-align: left;\">tr\u00e8s t\u00f4t la pratique de ces deux activit\u00e9s apr\u00e8s<\/p>\n<p style=\"text-align: left;\">ses \u00e9tudes \u00e0 l\u2019Ecole des arts appliqu\u00e9s de Gen\u00e8ve, d\u00e8s 1985.<\/p>\n<p style=\"text-align: left;\">La d\u00e9couverte d\u2019un pays, de l\u2019architecture, de l\u2019urbanisme<\/p>\n<p style=\"text-align: left;\">et de sa population au travers de croquis in situ nourrit<\/p>\n<p style=\"text-align: left;\">essentiellement sa cr\u00e9ation. Laquelle se situe \u00e0 la crois\u00e9e des mondes<\/p>\n<p style=\"text-align: left;\">qu\u2019il aime \u00e0 mettre en parall\u00e8le.<\/p>\n<p style=\"text-align: left;\">De retour \u00e0 Gen\u00e8ve, la mise en couleur des croquis s\u2019ex\u00e9cute<\/p>\n<p style=\"text-align: left;\">de m\u00e9moire, principalement \u00e0 l\u2019acrylique. Ainsi, lieux et sensations<\/p>\n<p>ressurgissent, transform\u00e9s, \u00ab\u00a0onirifi\u00e9s\u00a0\u00bb ou caricatur\u00e9s par<\/p>\n<p>ses interventions a posteriori.<\/p>\n<p>Une passion que Reynald Aubert se fait fort de transmettre,<\/p>\n<p>pour avoir enseign\u00e9 l\u2019art du croquis \u00e0 l\u2019Ecole des arts appliqu\u00e9s de Gen\u00e8ve.<\/p>\n<p>Parall\u00e8lement \u00e0 son activit\u00e9 d\u2019illustrateur, il organise des stages<\/p>\n<p>\u00e0 Gen\u00e8ve et \u00e0 l\u2019\u00e9tranger, kyoto pour les ann\u00e9es 2016-17<\/p>\n<p><a href=\"http:\/\/www.reynaldaubert.com\/?page_id=444\">Suite<\/a><\/p>\n","protected":false},"excerpt":{"rendered":"<p>Reynald Aubert Illustrateur, passionn\u00e9 de dessin et de voyages, Reynald Aubert commence tr\u00e8s t\u00f4t la pratique de ces deux activit\u00e9s apr\u00e8s ses \u00e9tudes \u00e0 l\u2019Ecole des arts appliqu\u00e9s de Gen\u00e8ve, d\u00e8s 1985. La d\u00e9couverte d\u2019un pays, de l\u2019architecture, de l\u2019urbanisme &hellip; <a href=\"http:\/\/www.reynaldaubert.com\/?page_id=432\">Lire la suite <span class=\"meta-nav\">&rarr;<\/span><\/a><\/p>\n","protected":false},"author":1,"featured_media":0,"parent":0,"menu_order":155,"comment_status":"open","ping_status":"closed","template":"","meta":[],"_links":{"self":[{"href":"http:\/\/www.reynaldaubert.com\/index.php?rest_route=\/wp\/v2\/pages\/432"}],"collection":[{"href":"http:\/\/www.reynaldaubert.com\/index.php?rest_route=\/wp\/v2\/pages"}],"about":[{"href":"http:\/\/www.reynaldaubert.com\/index.php?rest_route=\/wp\/v2\/types\/page"}],"author":[{"embeddable":true,"href":"http:\/\/www.reynaldaubert.com\/index.php?rest_route=\/wp\/v2\/users\/1"}],"replies":[{"embeddable":true,"href":"http:\/\/www.reynaldaubert.com\/index.php?rest_route=%2Fwp%2Fv2%2Fcomments&post=432"}],"version-history":[{"count":45,"href":"http:\/\/www.reynaldaubert.com\/index.php?rest_route=\/wp\/v2\/pages\/432\/revisions"}],"predecessor-version":[{"id":2786,"href":"http:\/\/www.reynaldaubert.com\/index.php?rest_route=\/wp\/v2\/pages\/432\/revisions\/2786"}],"wp:attachment":[{"href":"http:\/\/www.reynaldaubert.com\/index.php?rest_route=%2Fwp%2Fv2%2Fmedia&parent=432"}],"curies":[{"name":"wp","href":"https:\/\/api.w.org\/{rel}","templated":true}]}}